{"id":2317,"date":"2023-08-09T10:22:47","date_gmt":"2023-08-09T08:22:47","guid":{"rendered":"https:\/\/www.eventindustriali.com\/sima-summit-italiano-per-la-manutenzione\/?page_id=2317"},"modified":"2023-08-09T10:55:26","modified_gmt":"2023-08-09T08:55:26","slug":"sdt-2023","status":"publish","type":"page","link":"https:\/\/www.eventindustriali.com\/sima-summit-italiano-per-la-manutenzione\/sdt-2023\/","title":{"rendered":"SDT &#8211; Sponsor 2023"},"content":{"rendered":"<div class=\"flex_column av_one_full  flex_column_div av-zero-column-padding first  avia-builder-el-0  el_before_av_hr  avia-builder-el-first  \" style='border-radius:0px; '><section class=\"av_textblock_section \"  itemscope=\"itemscope\" itemtype=\"https:\/\/schema.org\/CreativeWork\" ><div class='avia_textblock  '   itemprop=\"text\" ><h3 style=\"text-align: center;\"><strong>SDT Italia<\/strong><\/h3>\n<h3 style=\"text-align: center;\"><strong>Sponsor SIMa \u2013 Salone Italiano della Manutenzione<\/strong><\/h3>\n<\/div><\/section><br \/>\n<div style='height:50px' class='hr hr-invisible   avia-builder-el-2  el_after_av_textblock  el_before_av_textblock  '><span class='hr-inner ' ><span class='hr-inner-style'><\/span><\/span><\/div><br \/>\n<section class=\"av_textblock_section \"  itemscope=\"itemscope\" itemtype=\"https:\/\/schema.org\/CreativeWork\" ><div class='avia_textblock  '   itemprop=\"text\" ><h4 style=\"text-align: center;\"><strong>Intervento:<\/strong><\/h4>\n<p style=\"text-align: center;\"><strong>Lubrificazione e Condition Monitoring: due isole non pi\u00f9 separate, grazie alla tecnologia ultrasonora: casi applicativi<\/strong><\/p>\n<\/div><\/section><br \/>\n<div style='height:50px' class='hr hr-invisible   avia-builder-el-4  el_after_av_textblock  el_before_av_textblock  '><span class='hr-inner ' ><span class='hr-inner-style'><\/span><\/span><\/div><br \/>\n<section class=\"av_textblock_section \"  itemscope=\"itemscope\" itemtype=\"https:\/\/schema.org\/CreativeWork\" ><div class='avia_textblock  '   itemprop=\"text\" ><p><strong>Abstract:<\/strong><\/p>\n<p>Durante il nostro intervento illustreremo di come la tecnologia Ultrasonora SDT sia perfetta non solo per ottenere sempre ed in modo semplice la corretta lubrificazione di cuscinetti e riduttori, anche a basso numero di giri, ma anche di poter creare un ponte fra il reparto Lubrificazione ed il reparto di Condition Monitoring, spesso trattati come isole a se stanti.<\/p>\n<p>Grazie a casi applicativi provenienti da vari ambiti industriali, e a rilevazioni effettuate sia grazie a Rilevatori di Ultrasuoni&amp;Vibrazioni ergonomici e portatili per gli Ispettori di Manutenzione, che tramite Centraline di monitoraggio e sensori fissi per il Condition Monitoring da remoto ed in continuo di assets strategici e\/o di difficile accesso, dimostreremo come la tecnologia ultrasonora SDT possa fornire un indiscutibile valore aggiunto, in aiuto alle metodologie gi\u00e0 conosciute, anche e soprattutto per quanto riguarda macchinari e asset a basso numero di giri (cuscinetti e riduttori).<\/p>\n<\/div><\/section><br \/>\n<div style='height:50px' class='hr hr-invisible   avia-builder-el-6  el_after_av_textblock  el_before_av_textblock  '><span class='hr-inner ' ><span class='hr-inner-style'><\/span><\/span><\/div><br \/>\n<section class=\"av_textblock_section \"  itemscope=\"itemscope\" itemtype=\"https:\/\/schema.org\/CreativeWork\" ><div class='avia_textblock  '   itemprop=\"text\" ><p><strong><img loading=\"lazy\" class=\"wp-image-2276 alignleft\" src=\"https:\/\/www.eventindustriali.com\/sima-summit-italiano-per-la-manutenzione\/wp-content\/uploads\/2023\/08\/cutmypic-10-300x300.png\" alt=\"\" width=\"202\" height=\"202\" srcset=\"https:\/\/www.eventindustriali.com\/sima-summit-italiano-per-la-manutenzione\/wp-content\/uploads\/2023\/08\/cutmypic-10-300x300.png 300w, https:\/\/www.eventindustriali.com\/sima-summit-italiano-per-la-manutenzione\/wp-content\/uploads\/2023\/08\/cutmypic-10-80x80.png 80w, https:\/\/www.eventindustriali.com\/sima-summit-italiano-per-la-manutenzione\/wp-content\/uploads\/2023\/08\/cutmypic-10-36x36.png 36w, https:\/\/www.eventindustriali.com\/sima-summit-italiano-per-la-manutenzione\/wp-content\/uploads\/2023\/08\/cutmypic-10-180x180.png 180w, https:\/\/www.eventindustriali.com\/sima-summit-italiano-per-la-manutenzione\/wp-content\/uploads\/2023\/08\/cutmypic-10-120x120.png 120w, https:\/\/www.eventindustriali.com\/sima-summit-italiano-per-la-manutenzione\/wp-content\/uploads\/2023\/08\/cutmypic-10-450x450.png 450w, https:\/\/www.eventindustriali.com\/sima-summit-italiano-per-la-manutenzione\/wp-content\/uploads\/2023\/08\/cutmypic-10.png 478w\" sizes=\"(max-width: 202px) 100vw, 202px\" \/><\/strong><\/p>\n<p><strong>Mauro Vigan\u00f2<br \/>\n<\/strong>Ultrasound Inspector e Area Manager<br \/>\n<strong>SDT Italia<\/strong><\/p>\n<p>Mauro Vigan\u00f2 \u00e8 Ultrasound Inspector Certificato Level 1 ASNT e Area Manager per SDT Italia Srl, presso cui lavora ormai da pi\u00f9 di 15 anni, cercando di portare soluzioni innovative ai problemi quotidiani della manutenzione sugli impianti di produzione, grazie alla qualit\u00e0 SDT.<\/p>\n<\/div><\/section><\/p><\/div><div style='height:50px' class='hr hr-invisible   avia-builder-el-8  el_after_av_one_full  el_before_av_textblock  '><span class='hr-inner ' ><span class='hr-inner-style'><\/span><\/span><\/div><\/p>\n<section class=\"av_textblock_section \"  itemscope=\"itemscope\" itemtype=\"https:\/\/schema.org\/CreativeWork\" ><div class='avia_textblock  '   itemprop=\"text\" ><p><strong><img loading=\"lazy\" class=\"wp-image-2043 alignright\" src=\"https:\/\/www.eventindustriali.com\/sima-summit-italiano-per-la-manutenzione\/wp-content\/uploads\/2023\/07\/sdt-300x300.jpg\" alt=\"\" width=\"192\" height=\"192\" srcset=\"https:\/\/www.eventindustriali.com\/sima-summit-italiano-per-la-manutenzione\/wp-content\/uploads\/2023\/07\/sdt.jpg 300w, https:\/\/www.eventindustriali.com\/sima-summit-italiano-per-la-manutenzione\/wp-content\/uploads\/2023\/07\/sdt-80x80.jpg 80w, https:\/\/www.eventindustriali.com\/sima-summit-italiano-per-la-manutenzione\/wp-content\/uploads\/2023\/07\/sdt-36x36.jpg 36w, https:\/\/www.eventindustriali.com\/sima-summit-italiano-per-la-manutenzione\/wp-content\/uploads\/2023\/07\/sdt-180x180.jpg 180w, https:\/\/www.eventindustriali.com\/sima-summit-italiano-per-la-manutenzione\/wp-content\/uploads\/2023\/07\/sdt-120x120.jpg 120w\" sizes=\"(max-width: 192px) 100vw, 192px\" \/><\/strong><\/p>\n<p><strong>Company Profile:<br \/>\n<\/strong>SDT Italia fornisce soluzioni a ultrasuoni per il Condition Monitoring degli impianti e la formazione per sfruttarne appieno tutte le funzionalit\u00e0: dalle perdite di aria compressa, vuoto e gas; alla lubrificazione a condizione e alle anomalie meccaniche (attriti, vibrazioni, difetti, usura); fino alle dispersioni elettriche.<\/p>\n<p><strong>Le novit\u00e0 di SDT Italia:<br \/>\n<\/strong><a href=\"https:\/\/www.manutenzione-online.com\/articolo\/controllo-a-ultrasuoni-di-cuscinetti-e-riduttori-1\/\">Controllo a ultrasuoni di cuscinetti e riduttori<\/a><br \/>\n<a href=\"https:\/\/www.manutenzione-online.com\/articolo\/monitoraggio-della-lubrificazione-dei-cuscinetti-1\/\">Monitoraggio della lubrificazione dei cuscinetti<\/a><br \/>\n<a href=\"https:\/\/www.manutenzione-online.com\/articolo\/soluzioni-a-ultrasuoni-per-lispezione-di-impianti-elettrici\/\">Soluzioni a ultrasuoni per l&#8217;ispezione di impianti elettrici<\/a><br \/>\n<a href=\"https:\/\/www.manutenzione-online.com\/articolo\/rilevatori-ultrasonori-sdt-per-il-controllo-degli-scaricatori-di-condensa-e-delle-valvole\/\">Rilevatori ultrasonori SDT per il controllo degli scaricatori di condensa e delle valvole<\/a><br \/>\n<a href=\"https:\/\/www.manutenzione-online.com\/articolo\/monitoraggio-permanente-online-degli-impianti\/\">Monitoraggio permanente online degli impianti<\/a><\/p>\n<\/div><\/section>\n","protected":false},"excerpt":{"rendered":"","protected":false},"author":2,"featured_media":0,"parent":0,"menu_order":0,"comment_status":"closed","ping_status":"closed","template":"","meta":[],"acf":[],"_links":{"self":[{"href":"https:\/\/www.eventindustriali.com\/sima-summit-italiano-per-la-manutenzione\/wp-json\/wp\/v2\/pages\/2317"}],"collection":[{"href":"https:\/\/www.eventindustriali.com\/sima-summit-italiano-per-la-manutenzione\/wp-json\/wp\/v2\/pages"}],"about":[{"href":"https:\/\/www.eventindustriali.com\/sima-summit-italiano-per-la-manutenzione\/wp-json\/wp\/v2\/types\/page"}],"author":[{"embeddable":true,"href":"https:\/\/www.eventindustriali.com\/sima-summit-italiano-per-la-manutenzione\/wp-json\/wp\/v2\/users\/2"}],"replies":[{"embeddable":true,"href":"https:\/\/www.eventindustriali.com\/sima-summit-italiano-per-la-manutenzione\/wp-json\/wp\/v2\/comments?post=2317"}],"version-history":[{"count":3,"href":"https:\/\/www.eventindustriali.com\/sima-summit-italiano-per-la-manutenzione\/wp-json\/wp\/v2\/pages\/2317\/revisions"}],"predecessor-version":[{"id":2927,"href":"https:\/\/www.eventindustriali.com\/sima-summit-italiano-per-la-manutenzione\/wp-json\/wp\/v2\/pages\/2317\/revisions\/2927"}],"wp:attachment":[{"href":"https:\/\/www.eventindustriali.com\/sima-summit-italiano-per-la-manutenzione\/wp-json\/wp\/v2\/media?parent=2317"}],"curies":[{"name":"wp","href":"https:\/\/api.w.org\/{rel}","templated":true}]}}